{"id":1542,"date":"2015-11-25T06:29:27","date_gmt":"2015-11-25T06:29:27","guid":{"rendered":"http:\/\/localhost\/invento\/?page_id=1542"},"modified":"2022-03-13T20:21:52","modified_gmt":"2022-03-13T20:21:52","slug":"sobrenosotros","status":"publish","type":"page","link":"https:\/\/ili-abogados.es\/index.php\/sobrenosotros\/","title":{"rendered":"Sobre Nosotros"},"content":{"rendered":"<p>[vc_row css=\u00bb.vc_custom_1448622187980{padding-bottom: 80px !important;}\u00bb][vc_column width=\u00bb1\/4&#8243; css=\u00bb.vc_custom_1448636490491{margin-bottom: 1.5em !important;}\u00bb][vc_column_text]<\/p>\n<h3 class=\"content-boxes-title opacityRun\" style=\"text-align: center;\">TRATO HUMANO.<\/h3>\n<p class=\"opacityRun\" align=\"justify\">Nuestro objetivo es plantear una <em><strong>visi\u00f3n integral, personalizada<\/strong><\/em> y multidisciplinar de nuestra actividad, ya que los problemas de nuestros clientes abarcan diversas ramas del derecho.<\/p>\n<p>[\/vc_column_text][\/vc_column][vc_column width=\u00bb1\/4&#8243; css=\u00bb.vc_custom_1448636496659{margin-bottom: 1.5em !important;}\u00bb][vc_column_text]<\/p>\n<h3 style=\"text-align: center;\">M\u00c1XIMA EXPERIENCIA.<\/h3>\n<p class=\"opacityRun\" align=\"justify\">Este despacho cuenta con una amplia experiencia en <strong>asesoramiento jur\u00eddico<\/strong> en todas las \u00e1reas del Derecho, adapt\u00e1ndose a los constantes cambios sociales y jur\u00eddicos con el objetivo de <strong>ayudar a sus clientes<\/strong> a encontrar las soluciones jur\u00eddicas m\u00e1s adecuadas en cada momento, y en cada situaci\u00f3n.<\/p>\n<p>[\/vc_column_text][\/vc_column][vc_column width=\u00bb1\/4&#8243; css=\u00bb.vc_custom_1448636502309{margin-bottom: 1.5em !important;}\u00bb][vc_column_text]<\/p>\n<h3 style=\"text-align: center;\">CONTACTO<\/h3>\n<p style=\"text-align: center;\"><a href=\"mailto:Isabellopeziglesias@gmail.com\">Isabellopeziglesias@gmail.com<\/a><\/p>\n<p style=\"text-align: center;\">Avda. Cristo de las Cadenas &#8211; 33006 Oviedo<\/p>\n<p style=\"text-align: center;\"><strong>M\u00f3vil<\/strong>: 626 612 636<\/p>\n<p style=\"text-align: center;\"><strong>F\u00e1x<\/strong>: 984 186 854<\/p>\n<h3 align=\"justify\"><\/h3>\n<p>[\/vc_column_text][\/vc_column][vc_column width=\u00bb1\/4&#8243;][vc_column_text]<\/p>\n<h3 style=\"text-align: center;\">DESDE 2011.<\/h3>\n<p align=\"justify\">Entre nuestras especialidades\u00a0est\u00e1\u00a0el Derecho Laboral y Mercantil, donde la letrada Isabel L\u00f3pez est\u00e1 acreditada como mediadora concursal. Asimismo, contamos con experiencia en \u00e1mbitos\u00a0civiles, con la gesti\u00f3n completa de expedientes de familia, sucesiones y patrimoniales, abarcando tambi\u00e9n la especialidad\u00a0de asuntos en Violencia de G\u00e9nero.<\/p>\n<p>[\/vc_column_text][\/vc_column][\/vc_row][vc_row][vc_column][vc_empty_space][vc_separator][\/vc_column][\/vc_row][vc_row][vc_column][vc_single_image image=\u00bb2459&#8243; img_size=\u00bbfull\u00bb alignment=\u00bbcenter\u00bb style=\u00bbvc_box_shadow\u00bb title=\u00bb \u00ab][\/vc_column][\/vc_row]<\/p>\n","protected":false},"excerpt":{"rendered":"<p>[vc_row css=\u00bb.vc_custom_1448622187980{padding-bottom: 80px !important;}\u00bb][vc_column width=\u00bb1\/4&#8243; css=\u00bb.vc_custom_1448636490491{margin-bottom: 1.5em !important;}\u00bb][vc_column_text] TRATO HUMANO. Nuestro objetivo es plantear una visi\u00f3n integral, personalizada y multidisciplinar de nuestra actividad, ya que los problemas de nuestros clientes abarcan diversas ramas del derecho. [\/vc_column_text][\/vc_column][vc_column width=\u00bb1\/4&#8243; css=\u00bb.vc_custom_1448636496659{margin-bottom: 1.5em !important;}\u00bb][vc_column_text] M\u00c1XIMA EXPERIENCIA. Este despacho cuenta con una amplia experiencia en asesoramiento jur\u00eddico en todas las<\/p>\n<div class=\"bottom-meta\">\n  <a href=\"https:\/\/ili-abogados.es\/index.php\/sobrenosotros\/\"><span class=\"text-more\">Read More<\/span><\/a><a href=\"#\" class=\"jm-post-like entry-like\" data-post_id=\"1542\" title=\"Like\"><i class=\"fa fa-heart-o icon-unlike \"><\/i><\/a><\/div>\n","protected":false},"author":1,"featured_media":0,"parent":0,"menu_order":0,"comment_status":"closed","ping_status":"closed","template":"","meta":[],"yoast_head":"<!-- This site is optimized with the Yoast SEO plugin v19.6.1 - https:\/\/yoast.com\/wordpress\/plugins\/seo\/ -->\n<title>Sobre Nosotros - ILI ABOGADOS<\/title>\n<meta name=\"robots\" content=\"index, follow, max-snippet:-1, max-image-preview:large, max-video-preview:-1\" \/>\n<link rel=\"canonical\" href=\"http:\/\/ili-abogados.es\/index.php\/sobrenosotros\/\" \/>\n<meta property=\"og:locale\" content=\"es_ES\" \/>\n<meta property=\"og:type\" content=\"article\" \/>\n<meta property=\"og:title\" content=\"Sobre Nosotros - ILI ABOGADOS\" \/>\n<meta property=\"og:description\" content=\"[vc_row css=\u00bb.vc_custom_1448622187980{padding-bottom: 80px !important;}\u00bb][vc_column width=\u00bb1\/4&#8243; css=\u00bb.vc_custom_1448636490491{margin-bottom: 1.5em !important;}\u00bb][vc_column_text] TRATO HUMANO. Nuestro objetivo es plantear una visi\u00f3n integral, personalizada y multidisciplinar de nuestra actividad, ya que los problemas de nuestros clientes abarcan diversas ramas del derecho. [\/vc_column_text][\/vc_column][vc_column width=\u00bb1\/4&#8243; css=\u00bb.vc_custom_1448636496659{margin-bottom: 1.5em !important;}\u00bb][vc_column_text] M\u00c1XIMA EXPERIENCIA. Este despacho cuenta con una amplia experiencia en asesoramiento jur\u00eddico en todas las  Read More\" \/>\n<meta property=\"og:url\" content=\"http:\/\/ili-abogados.es\/index.php\/sobrenosotros\/\" \/>\n<meta property=\"og:site_name\" content=\"ILI ABOGADOS\" \/>\n<meta property=\"article:modified_time\" content=\"2022-03-13T20:21:52+00:00\" \/>\n<meta name=\"twitter:card\" content=\"summary_large_image\" \/>\n<meta name=\"twitter:label1\" content=\"Tiempo de lectura\" \/>\n\t<meta name=\"twitter:data1\" content=\"1 minuto\" \/>\n<script type=\"application\/ld+json\" class=\"yoast-schema-graph\">{\"@context\":\"https:\/\/schema.org\",\"@graph\":[{\"@type\":\"WebPage\",\"@id\":\"http:\/\/ili-abogados.es\/index.php\/sobrenosotros\/\",\"url\":\"http:\/\/ili-abogados.es\/index.php\/sobrenosotros\/\",\"name\":\"Sobre Nosotros - ILI ABOGADOS\",\"isPartOf\":{\"@id\":\"http:\/\/ili-abogados.es\/#website\"},\"datePublished\":\"2015-11-25T06:29:27+00:00\",\"dateModified\":\"2022-03-13T20:21:52+00:00\",\"breadcrumb\":{\"@id\":\"http:\/\/ili-abogados.es\/index.php\/sobrenosotros\/#breadcrumb\"},\"inLanguage\":\"es\",\"potentialAction\":[{\"@type\":\"ReadAction\",\"target\":[\"http:\/\/ili-abogados.es\/index.php\/sobrenosotros\/\"]}]},{\"@type\":\"BreadcrumbList\",\"@id\":\"http:\/\/ili-abogados.es\/index.php\/sobrenosotros\/#breadcrumb\",\"itemListElement\":[{\"@type\":\"ListItem\",\"position\":1,\"name\":\"Portada\",\"item\":\"http:\/\/ili-abogados.es\/\"},{\"@type\":\"ListItem\",\"position\":2,\"name\":\"Sobre Nosotros\"}]},{\"@type\":\"WebSite\",\"@id\":\"http:\/\/ili-abogados.es\/#website\",\"url\":\"http:\/\/ili-abogados.es\/\",\"name\":\"ILI ABOGADOS\",\"description\":\"Despacho de Abogados Multidisciplinar\",\"potentialAction\":[{\"@type\":\"SearchAction\",\"target\":{\"@type\":\"EntryPoint\",\"urlTemplate\":\"http:\/\/ili-abogados.es\/?s={search_term_string}\"},\"query-input\":\"required name=search_term_string\"}],\"inLanguage\":\"es\"}]}<\/script>\n<!-- \/ Yoast SEO plugin. -->","yoast_head_json":{"title":"Sobre Nosotros - ILI ABOGADOS","robots":{"index":"index","follow":"follow","max-snippet":"max-snippet:-1","max-image-preview":"max-image-preview:large","max-video-preview":"max-video-preview:-1"},"canonical":"http:\/\/ili-abogados.es\/index.php\/sobrenosotros\/","og_locale":"es_ES","og_type":"article","og_title":"Sobre Nosotros - ILI ABOGADOS","og_description":"[vc_row css=\u00bb.vc_custom_1448622187980{padding-bottom: 80px !important;}\u00bb][vc_column width=\u00bb1\/4&#8243; css=\u00bb.vc_custom_1448636490491{margin-bottom: 1.5em !important;}\u00bb][vc_column_text] TRATO HUMANO. Nuestro objetivo es plantear una visi\u00f3n integral, personalizada y multidisciplinar de nuestra actividad, ya que los problemas de nuestros clientes abarcan diversas ramas del derecho. [\/vc_column_text][\/vc_column][vc_column width=\u00bb1\/4&#8243; css=\u00bb.vc_custom_1448636496659{margin-bottom: 1.5em !important;}\u00bb][vc_column_text] M\u00c1XIMA EXPERIENCIA. Este despacho cuenta con una amplia experiencia en asesoramiento jur\u00eddico en todas las  Read More","og_url":"http:\/\/ili-abogados.es\/index.php\/sobrenosotros\/","og_site_name":"ILI ABOGADOS","article_modified_time":"2022-03-13T20:21:52+00:00","twitter_card":"summary_large_image","twitter_misc":{"Tiempo de lectura":"1 minuto"},"schema":{"@context":"https:\/\/schema.org","@graph":[{"@type":"WebPage","@id":"http:\/\/ili-abogados.es\/index.php\/sobrenosotros\/","url":"http:\/\/ili-abogados.es\/index.php\/sobrenosotros\/","name":"Sobre Nosotros - ILI ABOGADOS","isPartOf":{"@id":"http:\/\/ili-abogados.es\/#website"},"datePublished":"2015-11-25T06:29:27+00:00","dateModified":"2022-03-13T20:21:52+00:00","breadcrumb":{"@id":"http:\/\/ili-abogados.es\/index.php\/sobrenosotros\/#breadcrumb"},"inLanguage":"es","potentialAction":[{"@type":"ReadAction","target":["http:\/\/ili-abogados.es\/index.php\/sobrenosotros\/"]}]},{"@type":"BreadcrumbList","@id":"http:\/\/ili-abogados.es\/index.php\/sobrenosotros\/#breadcrumb","itemListElement":[{"@type":"ListItem","position":1,"name":"Portada","item":"http:\/\/ili-abogados.es\/"},{"@type":"ListItem","position":2,"name":"Sobre Nosotros"}]},{"@type":"WebSite","@id":"http:\/\/ili-abogados.es\/#website","url":"http:\/\/ili-abogados.es\/","name":"ILI ABOGADOS","description":"Despacho de Abogados Multidisciplinar","potentialAction":[{"@type":"SearchAction","target":{"@type":"EntryPoint","urlTemplate":"http:\/\/ili-abogados.es\/?s={search_term_string}"},"query-input":"required name=search_term_string"}],"inLanguage":"es"}]}},"_links":{"self":[{"href":"https:\/\/ili-abogados.es\/index.php\/wp-json\/wp\/v2\/pages\/1542"}],"collection":[{"href":"https:\/\/ili-abogados.es\/index.php\/wp-json\/wp\/v2\/pages"}],"about":[{"href":"https:\/\/ili-abogados.es\/index.php\/wp-json\/wp\/v2\/types\/page"}],"author":[{"embeddable":true,"href":"https:\/\/ili-abogados.es\/index.php\/wp-json\/wp\/v2\/users\/1"}],"replies":[{"embeddable":true,"href":"https:\/\/ili-abogados.es\/index.php\/wp-json\/wp\/v2\/comments?post=1542"}],"version-history":[{"count":16,"href":"https:\/\/ili-abogados.es\/index.php\/wp-json\/wp\/v2\/pages\/1542\/revisions"}],"predecessor-version":[{"id":2662,"href":"https:\/\/ili-abogados.es\/index.php\/wp-json\/wp\/v2\/pages\/1542\/revisions\/2662"}],"wp:attachment":[{"href":"https:\/\/ili-abogados.es\/index.php\/wp-json\/wp\/v2\/media?parent=1542"}],"curies":[{"name":"wp","href":"https:\/\/api.w.org\/{rel}","templated":true}]}}